{"id":130,"date":"2024-01-16T20:14:17","date_gmt":"2024-01-16T20:14:17","guid":{"rendered":"https:\/\/musikverein-diedorf.de\/?page_id=130"},"modified":"2025-01-07T17:50:45","modified_gmt":"2025-01-07T17:50:45","slug":"ausbildung","status":"publish","type":"page","link":"https:\/\/musikverein-diedorf.de\/?page_id=130","title":{"rendered":"Musikunterricht"},"content":{"rendered":"\n<div class=\"wp-block-columns is-layout-flex wp-container-core-columns-is-layout-9d6595d7 wp-block-columns-is-layout-flex\">\n<div class=\"wp-block-column is-layout-flow wp-block-column-is-layout-flow\" style=\"flex-basis:33.33%\">\n<figure class=\"wp-block-image size-full\"><img loading=\"lazy\" decoding=\"async\" width=\"397\" height=\"856\" src=\"https:\/\/musikverein-diedorf.de\/wp-content\/uploads\/2024\/08\/Instrumente_Ausbildung.jpg\" alt=\"\" class=\"wp-image-277\" srcset=\"https:\/\/musikverein-diedorf.de\/wp-content\/uploads\/2024\/08\/Instrumente_Ausbildung.jpg 397w, https:\/\/musikverein-diedorf.de\/wp-content\/uploads\/2024\/08\/Instrumente_Ausbildung-139x300.jpg 139w\" sizes=\"auto, (max-width: 397px) 100vw, 397px\" \/><\/figure>\n<\/div>\n\n\n\n<div class=\"wp-block-column is-layout-flow wp-block-column-is-layout-flow\" style=\"flex-basis:66.66%\">\n<p>Im Musikverein Diedorf haben Kinder und Erwachsene die M\u00f6glichkeit, bei qualifizierten Instrumentallehrern alle orchestertauglichen Blasinstrumente sowie Blockfl\u00f6te und Schlagwerk zu erlernen.<\/p>\n\n\n\n<p>Unser Ausbildungsjahr beginnt jeweils im Oktober. Der Unterricht findet (au\u00dferhalb der bayerischen Schulferien) w\u00f6chentlich als Einzelunterricht statt. Die monatlichen Kosten variieren je nach L\u00e4nge der Unterrichtseinheit. Bei Interesse kann vorab eine Schnupperstunde mit dem jeweiligen Instrumentallehrer vereinbart werden. Instrumente k\u00f6nnen bei Bedarf \u00fcber den Verein oder \u00fcber ein Musikgesch\u00e4ft gemietet werden.<\/p>\n\n\n\n<p>Unser Vorstand Christian H\u00f6gg ber\u00e4t und informiert Sie gerne: <strong><a href=\"mailto:vorstand@musikverein-diedorf.de\">vorstand@musikverein-diedorf.de<\/a><\/strong><\/p>\n\n\n\n<p><\/p>\n\n\n\n<p><\/p>\n<\/div>\n<\/div>\n","protected":false},"excerpt":{"rendered":"<p>Im Musikverein Diedorf haben Kinder und Erwachsene die M\u00f6glichkeit, bei qualifizierten Instrumentallehrern alle orchestertauglichen Blasinstrumente sowie Blockfl\u00f6te und Schlagwerk zu erlernen. Unser Ausbildungsjahr beginnt jeweils im Oktober. Der Unterricht findet (au\u00dferhalb der bayerischen Schulferien) w\u00f6chentlich als Einzelunterricht statt. Die monatlichen Kosten variieren je nach L\u00e4nge der Unterrichtseinheit. Bei Interesse kann vorab eine Schnupperstunde mit dem [&hellip;]<\/p>\n","protected":false},"author":2,"featured_media":0,"parent":0,"menu_order":0,"comment_status":"closed","ping_status":"closed","template":"","meta":{"footnotes":""},"class_list":["post-130","page","type-page","status-publish","hentry"],"_links":{"self":[{"href":"https:\/\/musikverein-diedorf.de\/index.php?rest_route=\/wp\/v2\/pages\/130","targetHints":{"allow":["GET"]}}],"collection":[{"href":"https:\/\/musikverein-diedorf.de\/index.php?rest_route=\/wp\/v2\/pages"}],"about":[{"href":"https:\/\/musikverein-diedorf.de\/index.php?rest_route=\/wp\/v2\/types\/page"}],"author":[{"embeddable":true,"href":"https:\/\/musikverein-diedorf.de\/index.php?rest_route=\/wp\/v2\/users\/2"}],"replies":[{"embeddable":true,"href":"https:\/\/musikverein-diedorf.de\/index.php?rest_route=%2Fwp%2Fv2%2Fcomments&post=130"}],"version-history":[{"count":11,"href":"https:\/\/musikverein-diedorf.de\/index.php?rest_route=\/wp\/v2\/pages\/130\/revisions"}],"predecessor-version":[{"id":357,"href":"https:\/\/musikverein-diedorf.de\/index.php?rest_route=\/wp\/v2\/pages\/130\/revisions\/357"}],"wp:attachment":[{"href":"https:\/\/musikverein-diedorf.de\/index.php?rest_route=%2Fwp%2Fv2%2Fmedia&parent=130"}],"curies":[{"name":"wp","href":"https:\/\/api.w.org\/{rel}","templated":true}]}}