{"id":139,"date":"2024-01-19T14:47:03","date_gmt":"2024-01-19T14:47:03","guid":{"rendered":"https:\/\/musikverein-diedorf.de\/?page_id=139"},"modified":"2024-02-09T20:26:27","modified_gmt":"2024-02-09T20:26:27","slug":"partnerorchester","status":"publish","type":"page","link":"https:\/\/musikverein-diedorf.de\/?page_id=139","title":{"rendered":"Partnerorchester"},"content":{"rendered":"\n<p>Italien, Frankreich, Spanien, Tschechien, USA, Kanada \u2013 kein Weg ist den Musikerinnen und Musikern des Musikvereins Diedorf zu weit, um sich auf Konzertreise zu begeben, die Partnerst\u00e4dte der Marktgemeinde Diedorf zu besuchen, oder den Austausch mit Musikern aus aller Welt zu suchen. <\/p>\n\n\n\n<p>Eine besonders enge und herzliche Verbindung pflegt der Musikverein Diedorf mit seinem Partnerorchester <em>Corpo Bandistico Arrigo Boito di San Michele extra<\/em> in Verona, Italien. Seit 1989 finden in regelm\u00e4\u00dfigen Abst\u00e4nden gegenseitige Besuche und gemeinsame Konzerte statt. Trotz anf\u00e4nglicher Sprachbarrieren haben sich \u00fcber die Jahre zahlreiche pers\u00f6nliche Freundschaften entwickelt, die von den Musikern intensiv gepflegt werden.<\/p>\n\n\n\n<p>Zuletzt durften wir im Juni 2023 zu Besuch in Verona sein, als unser Partnerorchester sein 150-j\u00e4hriges Jubil\u00e4um feierte.<\/p>\n\n\n\n<figure class=\"wp-block-gallery has-nested-images columns-default is-cropped wp-block-gallery-1 is-layout-flex wp-block-gallery-is-layout-flex\">\n<figure class=\"wp-block-image size-large\"><img loading=\"lazy\" decoding=\"async\" width=\"1024\" height=\"768\" data-id=\"145\" src=\"https:\/\/musikverein-diedorf.de\/wp-content\/uploads\/2024\/01\/a1c7713c-4346-4c65-a89b-943c282bb21a-1024x768.jpg\" alt=\"\" class=\"wp-image-145\" srcset=\"https:\/\/musikverein-diedorf.de\/wp-content\/uploads\/2024\/01\/a1c7713c-4346-4c65-a89b-943c282bb21a-1024x768.jpg 1024w, https:\/\/musikverein-diedorf.de\/wp-content\/uploads\/2024\/01\/a1c7713c-4346-4c65-a89b-943c282bb21a-300x225.jpg 300w, https:\/\/musikverein-diedorf.de\/wp-content\/uploads\/2024\/01\/a1c7713c-4346-4c65-a89b-943c282bb21a-768x576.jpg 768w, https:\/\/musikverein-diedorf.de\/wp-content\/uploads\/2024\/01\/a1c7713c-4346-4c65-a89b-943c282bb21a-400x300.jpg 400w, https:\/\/musikverein-diedorf.de\/wp-content\/uploads\/2024\/01\/a1c7713c-4346-4c65-a89b-943c282bb21a.jpg 1280w\" sizes=\"auto, (max-width: 1024px) 100vw, 1024px\" \/><figcaption class=\"wp-element-caption\">Piazza Bra, Verona, Juni 2023<\/figcaption><\/figure>\n\n\n\n<figure class=\"wp-block-image size-large\"><img loading=\"lazy\" decoding=\"async\" width=\"768\" height=\"1024\" data-id=\"146\" src=\"https:\/\/musikverein-diedorf.de\/wp-content\/uploads\/2024\/01\/4453da00-1911-4d76-9a54-ce7850c7772b-768x1024.jpg\" alt=\"\" class=\"wp-image-146\" srcset=\"https:\/\/musikverein-diedorf.de\/wp-content\/uploads\/2024\/01\/4453da00-1911-4d76-9a54-ce7850c7772b-768x1024.jpg 768w, https:\/\/musikverein-diedorf.de\/wp-content\/uploads\/2024\/01\/4453da00-1911-4d76-9a54-ce7850c7772b-225x300.jpg 225w, https:\/\/musikverein-diedorf.de\/wp-content\/uploads\/2024\/01\/4453da00-1911-4d76-9a54-ce7850c7772b.jpg 960w\" sizes=\"auto, (max-width: 768px) 100vw, 768px\" \/><figcaption class=\"wp-element-caption\">Piazza Bra, Verona, Juni 2023<\/figcaption><\/figure>\n\n\n\n<figure class=\"wp-block-image size-large\"><img loading=\"lazy\" decoding=\"async\" width=\"768\" height=\"1024\" data-id=\"141\" src=\"https:\/\/musikverein-diedorf.de\/wp-content\/uploads\/2024\/01\/264492a0-7107-4863-bed6-59c7d47297d8-768x1024.jpg\" alt=\"\" class=\"wp-image-141\" srcset=\"https:\/\/musikverein-diedorf.de\/wp-content\/uploads\/2024\/01\/264492a0-7107-4863-bed6-59c7d47297d8-768x1024.jpg 768w, https:\/\/musikverein-diedorf.de\/wp-content\/uploads\/2024\/01\/264492a0-7107-4863-bed6-59c7d47297d8-225x300.jpg 225w, https:\/\/musikverein-diedorf.de\/wp-content\/uploads\/2024\/01\/264492a0-7107-4863-bed6-59c7d47297d8-1152x1536.jpg 1152w, https:\/\/musikverein-diedorf.de\/wp-content\/uploads\/2024\/01\/264492a0-7107-4863-bed6-59c7d47297d8.jpg 1200w\" sizes=\"auto, (max-width: 768px) 100vw, 768px\" \/><figcaption class=\"wp-element-caption\">Piazza Bra, Verona, Juni 2023<\/figcaption><\/figure>\n\n\n\n<figure class=\"wp-block-image size-large\"><img loading=\"lazy\" decoding=\"async\" width=\"1024\" height=\"768\" data-id=\"140\" src=\"https:\/\/musikverein-diedorf.de\/wp-content\/uploads\/2024\/01\/647a7214-36ec-41a8-b31f-fbb97704ee81-1024x768.jpg\" alt=\"\" class=\"wp-image-140\" srcset=\"https:\/\/musikverein-diedorf.de\/wp-content\/uploads\/2024\/01\/647a7214-36ec-41a8-b31f-fbb97704ee81-1024x768.jpg 1024w, https:\/\/musikverein-diedorf.de\/wp-content\/uploads\/2024\/01\/647a7214-36ec-41a8-b31f-fbb97704ee81-300x225.jpg 300w, https:\/\/musikverein-diedorf.de\/wp-content\/uploads\/2024\/01\/647a7214-36ec-41a8-b31f-fbb97704ee81-768x576.jpg 768w, https:\/\/musikverein-diedorf.de\/wp-content\/uploads\/2024\/01\/647a7214-36ec-41a8-b31f-fbb97704ee81-400x300.jpg 400w, https:\/\/musikverein-diedorf.de\/wp-content\/uploads\/2024\/01\/647a7214-36ec-41a8-b31f-fbb97704ee81.jpg 1280w\" sizes=\"auto, (max-width: 1024px) 100vw, 1024px\" \/><figcaption class=\"wp-element-caption\">San Michele, Verona, Juni 2023<\/figcaption><\/figure>\n\n\n\n<figure class=\"wp-block-image size-large\"><img loading=\"lazy\" decoding=\"async\" width=\"768\" height=\"1024\" data-id=\"148\" src=\"https:\/\/musikverein-diedorf.de\/wp-content\/uploads\/2024\/01\/93c94ad0-0c8b-4989-b94d-99cb9ae53d2f-768x1024.jpg\" alt=\"\" class=\"wp-image-148\" srcset=\"https:\/\/musikverein-diedorf.de\/wp-content\/uploads\/2024\/01\/93c94ad0-0c8b-4989-b94d-99cb9ae53d2f-768x1024.jpg 768w, https:\/\/musikverein-diedorf.de\/wp-content\/uploads\/2024\/01\/93c94ad0-0c8b-4989-b94d-99cb9ae53d2f-225x300.jpg 225w, https:\/\/musikverein-diedorf.de\/wp-content\/uploads\/2024\/01\/93c94ad0-0c8b-4989-b94d-99cb9ae53d2f.jpg 960w\" sizes=\"auto, (max-width: 768px) 100vw, 768px\" \/><figcaption class=\"wp-element-caption\">Empfang im Rathaus von Verona, Juni 2023<\/figcaption><\/figure>\n\n\n\n<figure class=\"wp-block-image size-large\"><img loading=\"lazy\" decoding=\"async\" width=\"1024\" height=\"768\" data-id=\"150\" src=\"https:\/\/musikverein-diedorf.de\/wp-content\/uploads\/2024\/01\/7d3287a9-479d-45fe-b39f-e6c067a026e6-1024x768.jpg\" alt=\"\" class=\"wp-image-150\" srcset=\"https:\/\/musikverein-diedorf.de\/wp-content\/uploads\/2024\/01\/7d3287a9-479d-45fe-b39f-e6c067a026e6-1024x768.jpg 1024w, https:\/\/musikverein-diedorf.de\/wp-content\/uploads\/2024\/01\/7d3287a9-479d-45fe-b39f-e6c067a026e6-300x225.jpg 300w, https:\/\/musikverein-diedorf.de\/wp-content\/uploads\/2024\/01\/7d3287a9-479d-45fe-b39f-e6c067a026e6-768x576.jpg 768w, https:\/\/musikverein-diedorf.de\/wp-content\/uploads\/2024\/01\/7d3287a9-479d-45fe-b39f-e6c067a026e6-400x300.jpg 400w, https:\/\/musikverein-diedorf.de\/wp-content\/uploads\/2024\/01\/7d3287a9-479d-45fe-b39f-e6c067a026e6.jpg 1280w\" sizes=\"auto, (max-width: 1024px) 100vw, 1024px\" \/><figcaption class=\"wp-element-caption\">San Michele, Verona, Juni 2023<\/figcaption><\/figure>\n\n\n\n<figure class=\"wp-block-image size-large\"><img loading=\"lazy\" decoding=\"async\" width=\"1024\" height=\"683\" data-id=\"189\" src=\"https:\/\/musikverein-diedorf.de\/wp-content\/uploads\/2024\/02\/Herbstkonzert-2019-Gemeinschaftsorchester-1024x683.jpg\" alt=\"\" class=\"wp-image-189\" srcset=\"https:\/\/musikverein-diedorf.de\/wp-content\/uploads\/2024\/02\/Herbstkonzert-2019-Gemeinschaftsorchester-1024x683.jpg 1024w, https:\/\/musikverein-diedorf.de\/wp-content\/uploads\/2024\/02\/Herbstkonzert-2019-Gemeinschaftsorchester-300x200.jpg 300w, https:\/\/musikverein-diedorf.de\/wp-content\/uploads\/2024\/02\/Herbstkonzert-2019-Gemeinschaftsorchester-768x512.jpg 768w, https:\/\/musikverein-diedorf.de\/wp-content\/uploads\/2024\/02\/Herbstkonzert-2019-Gemeinschaftsorchester.jpg 1368w\" sizes=\"auto, (max-width: 1024px) 100vw, 1024px\" \/><figcaption class=\"wp-element-caption\">Deutsch-italienisches Gemeinschaftsorchester, Herbstkonzert 2019<\/figcaption><\/figure>\n\n\n\n<figure class=\"wp-block-image size-large\"><img loading=\"lazy\" decoding=\"async\" width=\"1024\" height=\"769\" data-id=\"191\" src=\"https:\/\/musikverein-diedorf.de\/wp-content\/uploads\/2024\/02\/Herbstkonzert-2019-Posaunen-1024x769.jpg\" alt=\"\" class=\"wp-image-191\" srcset=\"https:\/\/musikverein-diedorf.de\/wp-content\/uploads\/2024\/02\/Herbstkonzert-2019-Posaunen-1024x769.jpg 1024w, https:\/\/musikverein-diedorf.de\/wp-content\/uploads\/2024\/02\/Herbstkonzert-2019-Posaunen-300x225.jpg 300w, https:\/\/musikverein-diedorf.de\/wp-content\/uploads\/2024\/02\/Herbstkonzert-2019-Posaunen-768x577.jpg 768w, https:\/\/musikverein-diedorf.de\/wp-content\/uploads\/2024\/02\/Herbstkonzert-2019-Posaunen-400x300.jpg 400w, https:\/\/musikverein-diedorf.de\/wp-content\/uploads\/2024\/02\/Herbstkonzert-2019-Posaunen.jpg 1148w\" sizes=\"auto, (max-width: 1024px) 100vw, 1024px\" \/><figcaption class=\"wp-element-caption\">Deutsch-italienischer Posaunensatz, Herbstkonzert 2019<\/figcaption><\/figure>\n<\/figure>\n","protected":false},"excerpt":{"rendered":"<p>Italien, Frankreich, Spanien, Tschechien, USA, Kanada \u2013 kein Weg ist den Musikerinnen und Musikern des Musikvereins Diedorf zu weit, um sich auf Konzertreise zu begeben, die Partnerst\u00e4dte der Marktgemeinde Diedorf zu besuchen, oder den Austausch mit Musikern aus aller Welt zu suchen. Eine besonders enge und herzliche Verbindung pflegt der Musikverein Diedorf mit seinem Partnerorchester [&hellip;]<\/p>\n","protected":false},"author":2,"featured_media":0,"parent":0,"menu_order":0,"comment_status":"closed","ping_status":"closed","template":"","meta":{"footnotes":""},"class_list":["post-139","page","type-page","status-publish","hentry"],"_links":{"self":[{"href":"https:\/\/musikverein-diedorf.de\/index.php?rest_route=\/wp\/v2\/pages\/139","targetHints":{"allow":["GET"]}}],"collection":[{"href":"https:\/\/musikverein-diedorf.de\/index.php?rest_route=\/wp\/v2\/pages"}],"about":[{"href":"https:\/\/musikverein-diedorf.de\/index.php?rest_route=\/wp\/v2\/types\/page"}],"author":[{"embeddable":true,"href":"https:\/\/musikverein-diedorf.de\/index.php?rest_route=\/wp\/v2\/users\/2"}],"replies":[{"embeddable":true,"href":"https:\/\/musikverein-diedorf.de\/index.php?rest_route=%2Fwp%2Fv2%2Fcomments&post=139"}],"version-history":[{"count":3,"href":"https:\/\/musikverein-diedorf.de\/index.php?rest_route=\/wp\/v2\/pages\/139\/revisions"}],"predecessor-version":[{"id":200,"href":"https:\/\/musikverein-diedorf.de\/index.php?rest_route=\/wp\/v2\/pages\/139\/revisions\/200"}],"wp:attachment":[{"href":"https:\/\/musikverein-diedorf.de\/index.php?rest_route=%2Fwp%2Fv2%2Fmedia&parent=139"}],"curies":[{"name":"wp","href":"https:\/\/api.w.org\/{rel}","templated":true}]}}