{"id":181,"date":"2024-02-05T19:31:31","date_gmt":"2024-02-05T19:31:31","guid":{"rendered":"https:\/\/musikverein-diedorf.de\/?page_id=181"},"modified":"2024-03-26T19:59:26","modified_gmt":"2024-03-26T19:59:26","slug":"dirigent","status":"publish","type":"page","link":"https:\/\/musikverein-diedorf.de\/?page_id=181","title":{"rendered":"Dirigent"},"content":{"rendered":"\n<p>Seit Februar 2024 steht <strong>Sebastian Schwarz<\/strong> am Diedorfer Dirigentenpult. Der geb\u00fcrtige Schwangauer schloss 2019 sein Studium am Leopold-Mozart-Zentrum der Universit\u00e4t Augsburg im Hauptfach Trompete mit seinem k\u00fcnstlerischen Master sehr erfolgreich ab. Sein zweiter Studienabschluss folgte 2020: im Hauptfach Blasorchesterleitung bei Prof. Maurice Hamers. Seitdem bleibt er dem Leopold-Mozart-Zentrum der Universit\u00e4t Augsburg als Lehrbeauftragter f\u00fcr Ensemblespiel treu.<\/p>\n\n\n\n<p><a href=\"https:\/\/www.schwarz-sebastian.com\/\">https:\/\/www.schwarz-sebastian.com\/<\/a><\/p>\n\n\n\n<figure class=\"wp-block-image size-large\"><img loading=\"lazy\" decoding=\"async\" width=\"633\" height=\"1024\" src=\"https:\/\/musikverein-diedorf.de\/wp-content\/uploads\/2024\/03\/Sebastian_Schwarz_2-633x1024.jpg\" alt=\"\" class=\"wp-image-217\" srcset=\"https:\/\/musikverein-diedorf.de\/wp-content\/uploads\/2024\/03\/Sebastian_Schwarz_2-633x1024.jpg 633w, https:\/\/musikverein-diedorf.de\/wp-content\/uploads\/2024\/03\/Sebastian_Schwarz_2-185x300.jpg 185w, https:\/\/musikverein-diedorf.de\/wp-content\/uploads\/2024\/03\/Sebastian_Schwarz_2-768x1242.jpg 768w, https:\/\/musikverein-diedorf.de\/wp-content\/uploads\/2024\/03\/Sebastian_Schwarz_2-950x1536.jpg 950w, https:\/\/musikverein-diedorf.de\/wp-content\/uploads\/2024\/03\/Sebastian_Schwarz_2-1266x2048.jpg 1266w, https:\/\/musikverein-diedorf.de\/wp-content\/uploads\/2024\/03\/Sebastian_Schwarz_2-scaled.jpg 1583w\" sizes=\"auto, (max-width: 633px) 100vw, 633px\" \/><\/figure>\n","protected":false},"excerpt":{"rendered":"<p>Seit Februar 2024 steht Sebastian Schwarz am Diedorfer Dirigentenpult. Der geb\u00fcrtige Schwangauer schloss 2019 sein Studium am Leopold-Mozart-Zentrum der Universit\u00e4t Augsburg im Hauptfach Trompete mit seinem k\u00fcnstlerischen Master sehr erfolgreich ab. Sein zweiter Studienabschluss folgte 2020: im Hauptfach Blasorchesterleitung bei Prof. Maurice Hamers. Seitdem bleibt er dem Leopold-Mozart-Zentrum der Universit\u00e4t Augsburg als Lehrbeauftragter f\u00fcr Ensemblespiel [&hellip;]<\/p>\n","protected":false},"author":2,"featured_media":0,"parent":0,"menu_order":0,"comment_status":"closed","ping_status":"closed","template":"","meta":{"footnotes":""},"class_list":["post-181","page","type-page","status-publish","hentry"],"_links":{"self":[{"href":"https:\/\/musikverein-diedorf.de\/index.php?rest_route=\/wp\/v2\/pages\/181","targetHints":{"allow":["GET"]}}],"collection":[{"href":"https:\/\/musikverein-diedorf.de\/index.php?rest_route=\/wp\/v2\/pages"}],"about":[{"href":"https:\/\/musikverein-diedorf.de\/index.php?rest_route=\/wp\/v2\/types\/page"}],"author":[{"embeddable":true,"href":"https:\/\/musikverein-diedorf.de\/index.php?rest_route=\/wp\/v2\/users\/2"}],"replies":[{"embeddable":true,"href":"https:\/\/musikverein-diedorf.de\/index.php?rest_route=%2Fwp%2Fv2%2Fcomments&post=181"}],"version-history":[{"count":3,"href":"https:\/\/musikverein-diedorf.de\/index.php?rest_route=\/wp\/v2\/pages\/181\/revisions"}],"predecessor-version":[{"id":218,"href":"https:\/\/musikverein-diedorf.de\/index.php?rest_route=\/wp\/v2\/pages\/181\/revisions\/218"}],"wp:attachment":[{"href":"https:\/\/musikverein-diedorf.de\/index.php?rest_route=%2Fwp%2Fv2%2Fmedia&parent=181"}],"curies":[{"name":"wp","href":"https:\/\/api.w.org\/{rel}","templated":true}]}}