{"id":22,"date":"2023-09-25T23:38:48","date_gmt":"2023-09-25T23:38:48","guid":{"rendered":"https:\/\/musikverein-diedorf.de\/?page_id=22"},"modified":"2026-03-15T18:49:38","modified_gmt":"2026-03-15T18:49:38","slug":"startseite","status":"publish","type":"page","link":"https:\/\/musikverein-diedorf.de\/","title":{"rendered":"Startseite"},"content":{"rendered":"\n<p class=\"has-large-font-size\">Herzlich willkommen beim Musikverein Diedorf!<\/p>\n\n\n\n<p>Auf unserer Homepage informieren wir Sie \u00fcber unser Orchester, unsere Aktivit\u00e4ten&nbsp;sowie die M\u00f6glichkeit, in unserem Verein ein Instrument zu erlernen. Kommen Sie zu unseren Veranstaltungen und erleben Sie die gro\u00dfe musikalische Vielfalt, die nur ein Blasorchester bieten kann.<\/p>\n\n\n\n<figure class=\"wp-block-gallery has-nested-images columns-default is-cropped wp-block-gallery-1 is-layout-flex wp-block-gallery-is-layout-flex\">\n<figure class=\"wp-block-image size-large\"><img loading=\"lazy\" decoding=\"async\" width=\"1024\" height=\"517\" data-id=\"599\" src=\"https:\/\/musikverein-diedorf.de\/wp-content\/uploads\/2026\/03\/7463e950-3ae0-4aca-9455-7b7fb989946f-1024x517.jpg\" alt=\"\" class=\"wp-image-599\" srcset=\"https:\/\/musikverein-diedorf.de\/wp-content\/uploads\/2026\/03\/7463e950-3ae0-4aca-9455-7b7fb989946f-1024x517.jpg 1024w, https:\/\/musikverein-diedorf.de\/wp-content\/uploads\/2026\/03\/7463e950-3ae0-4aca-9455-7b7fb989946f-300x151.jpg 300w, https:\/\/musikverein-diedorf.de\/wp-content\/uploads\/2026\/03\/7463e950-3ae0-4aca-9455-7b7fb989946f-768x387.jpg 768w, https:\/\/musikverein-diedorf.de\/wp-content\/uploads\/2026\/03\/7463e950-3ae0-4aca-9455-7b7fb989946f-1536x775.jpg 1536w, https:\/\/musikverein-diedorf.de\/wp-content\/uploads\/2026\/03\/7463e950-3ae0-4aca-9455-7b7fb989946f.jpg 2048w\" sizes=\"auto, (max-width: 1024px) 100vw, 1024px\" \/><\/figure>\n<\/figure>\n\n\n<blockquote class=\"wp-embedded-content\" data-secret=\"mUGUk69PV6\"><p><a href=\"https:\/\/musikverein-diedorf.de\/?page_id=239\">Jugendensemble JEns<\/a><\/p><\/blockquote>\n<p><iframe loading=\"lazy\" class=\"wp-embedded-content\" sandbox=\"allow-scripts\" security=\"restricted\" style=\"position: absolute; visibility: hidden;\" title=\"&#8222;Jugendensemble JEns&#8220; &#8211; Musikverein Diedorf e.V.\" src=\"https:\/\/musikverein-diedorf.de\/?page_id=239&#038;embed=true#?secret=BbXGPDaTMF#?secret=mUGUk69PV6\" data-secret=\"mUGUk69PV6\" width=\"600\" height=\"338\" frameborder=\"0\" marginwidth=\"0\" marginheight=\"0\" scrolling=\"no\"><\/iframe><\/p>\n\n\n<div class=\"wp-block-image\">\n<figure class=\"aligncenter size-full\"><img loading=\"lazy\" decoding=\"async\" width=\"617\" height=\"895\" src=\"https:\/\/musikverein-diedorf.de\/wp-content\/uploads\/2026\/03\/Kirchenkonzert-2026.jpg\" alt=\"\" class=\"wp-image-595\" srcset=\"https:\/\/musikverein-diedorf.de\/wp-content\/uploads\/2026\/03\/Kirchenkonzert-2026.jpg 617w, https:\/\/musikverein-diedorf.de\/wp-content\/uploads\/2026\/03\/Kirchenkonzert-2026-207x300.jpg 207w\" sizes=\"auto, (max-width: 617px) 100vw, 617px\" \/><\/figure>\n<\/div>\n\n<div class=\"wp-block-image\">\n<figure class=\"aligncenter\"><img loading=\"lazy\" decoding=\"async\" width=\"379\" height=\"507\" src=\"https:\/\/musikverein-diedorf.de\/wp-content\/uploads\/2025\/12\/3D-Ansicht-Chronik_2.jpg\" alt=\"\" class=\"wp-image-565\" srcset=\"https:\/\/musikverein-diedorf.de\/wp-content\/uploads\/2025\/12\/3D-Ansicht-Chronik_2.jpg 379w, https:\/\/musikverein-diedorf.de\/wp-content\/uploads\/2025\/12\/3D-Ansicht-Chronik_2-224x300.jpg 224w\" sizes=\"auto, (max-width: 379px) 100vw, 379px\" \/><figcaption class=\"wp-element-caption\"><strong>Jetzt erh\u00e4ltlich: <\/strong><br><strong>Unsere Jubil\u00e4umschronik zu <br>&#8222;50 Jahre Blasmusik in Diedorf&#8220; <br>(Hardcover, 88 Seiten, Preis 15,- \u20ac)<\/strong><\/figcaption><\/figure>\n<\/div>\n\n\n<p><\/p>\n\n\n\n<p><\/p>\n\n\n\n<p class=\"has-text-align-center\"><\/p>\n\n\n\n<figure class=\"wp-block-gallery has-nested-images columns-default is-cropped wp-block-gallery-2 is-layout-flex wp-block-gallery-is-layout-flex\"><\/figure>\n\n\n\n<p><\/p>\n","protected":false},"excerpt":{"rendered":"<p>Herzlich willkommen beim Musikverein Diedorf! Auf unserer Homepage informieren wir Sie \u00fcber unser Orchester, unsere Aktivit\u00e4ten&nbsp;sowie die M\u00f6glichkeit, in unserem Verein ein Instrument zu erlernen. Kommen Sie zu unseren Veranstaltungen und erleben Sie die gro\u00dfe musikalische Vielfalt, die nur ein Blasorchester bieten kann.<\/p>\n","protected":false},"author":1,"featured_media":0,"parent":0,"menu_order":0,"comment_status":"closed","ping_status":"closed","template":"","meta":{"footnotes":""},"class_list":["post-22","page","type-page","status-publish","hentry"],"_links":{"self":[{"href":"https:\/\/musikverein-diedorf.de\/index.php?rest_route=\/wp\/v2\/pages\/22","targetHints":{"allow":["GET"]}}],"collection":[{"href":"https:\/\/musikverein-diedorf.de\/index.php?rest_route=\/wp\/v2\/pages"}],"about":[{"href":"https:\/\/musikverein-diedorf.de\/index.php?rest_route=\/wp\/v2\/types\/page"}],"author":[{"embeddable":true,"href":"https:\/\/musikverein-diedorf.de\/index.php?rest_route=\/wp\/v2\/users\/1"}],"replies":[{"embeddable":true,"href":"https:\/\/musikverein-diedorf.de\/index.php?rest_route=%2Fwp%2Fv2%2Fcomments&post=22"}],"version-history":[{"count":76,"href":"https:\/\/musikverein-diedorf.de\/index.php?rest_route=\/wp\/v2\/pages\/22\/revisions"}],"predecessor-version":[{"id":604,"href":"https:\/\/musikverein-diedorf.de\/index.php?rest_route=\/wp\/v2\/pages\/22\/revisions\/604"}],"wp:attachment":[{"href":"https:\/\/musikverein-diedorf.de\/index.php?rest_route=%2Fwp%2Fv2%2Fmedia&parent=22"}],"curies":[{"name":"wp","href":"https:\/\/api.w.org\/{rel}","templated":true}]}}