{"id":239,"date":"2024-06-30T17:49:18","date_gmt":"2024-06-30T17:49:18","guid":{"rendered":"https:\/\/musikverein-diedorf.de\/?page_id=239"},"modified":"2026-03-15T18:38:50","modified_gmt":"2026-03-15T18:38:50","slug":"jugendensemble","status":"publish","type":"page","link":"https:\/\/musikverein-diedorf.de\/?page_id=239","title":{"rendered":"Jugendensemble JEns"},"content":{"rendered":"\n<p><strong>Du spielst ein Blasinstrument oder Schlagzeug? Dann komm in unser Jugendensemble!<\/strong><\/p>\n\n\n\n<p>Die Probe findet jeden Freitag von 18:00 bis 19:00 Uhr im Musikerheim Diedorf statt. Die musikalische Leitung hat Roland Dworschak.<\/p>\n\n\n\n<p>Grundvoraussetzung f\u00fcr die Teilnahme ist, dass du seit mindestens 1-2 Jahren Musikunterricht an deinem Instrument hast. Du darfst aber gerne auch mehr musikalische Erfahrung mitbringen.<\/p>\n\n\n\n<p>In unserem Jugendensemble geht es zu Beginn erst mal darum, die Grundregeln des Zusammenspiels zu lernen und den unglaublich tollen Klang des gemeinsamen Musizierens zu erleben.<\/p>\n\n\n\n<p>Im Laufe der Zeit soll sich unser Jugendensemble zu einem Jugendblasorchester entwickeln. Egal ob Filmmusik, Musical, Chart-Hits oder moderne Kompositionen f\u00fcr junge Blasorchester \u2013 der Spa\u00df am Musizieren und das Gemeinschaftserlebnis stehen im Vordergrund. Dazu geh\u00f6ren nat\u00fcrlich auch \u00f6ffentliche Auftritte, bei denen ihr euer K\u00f6nnen zeigen k\u00f6nnt, au\u00dferdem Ausfl\u00fcge, Probentage, Pizza- und Spiele-Abende \u2026<\/p>\n\n\n\n<p>Anmelden kannst du dich jederzeit bei unserem Vorstand Christian H\u00f6gg unter der Mailadresse <a href=\"mailto:vorstand@musikverein-diedorf.de\">vorstand@musikverein-diedorf.de<\/a>. Bitte gib dabei an, wie alt du bist, welches Instrument du spielst und wie lange du schon Unterricht hast.<\/p>\n\n\n\n<p>Den Probenraum findest du am B\u00fchneneingang der Schmuttertalhalle im 1. OG. Bitte Notenst\u00e4nder und Instrument nicht vergessen, wenn du zur Probe kommst.<\/p>\n\n\n\n<p>Im Schuljahr 2025\/26 ist die Teilnahme am Jugendensemble kostenfrei.<\/p>\n\n\n\n<p>Wir freuen uns auf dich!<\/p>\n\n\n<div class=\"wp-block-image\">\n<figure class=\"aligncenter size-full\"><img loading=\"lazy\" decoding=\"async\" width=\"2560\" height=\"1753\" src=\"https:\/\/musikverein-diedorf.de\/wp-content\/uploads\/2025\/04\/IMG_5526b2-scaled.jpg\" alt=\"\" class=\"wp-image-413\" srcset=\"https:\/\/musikverein-diedorf.de\/wp-content\/uploads\/2025\/04\/IMG_5526b2-scaled.jpg 2560w, https:\/\/musikverein-diedorf.de\/wp-content\/uploads\/2025\/04\/IMG_5526b2-300x205.jpg 300w, https:\/\/musikverein-diedorf.de\/wp-content\/uploads\/2025\/04\/IMG_5526b2-1024x701.jpg 1024w, https:\/\/musikverein-diedorf.de\/wp-content\/uploads\/2025\/04\/IMG_5526b2-768x526.jpg 768w, https:\/\/musikverein-diedorf.de\/wp-content\/uploads\/2025\/04\/IMG_5526b2-1536x1052.jpg 1536w, https:\/\/musikverein-diedorf.de\/wp-content\/uploads\/2025\/04\/IMG_5526b2-2048x1402.jpg 2048w\" sizes=\"auto, (max-width: 2560px) 100vw, 2560px\" \/><\/figure>\n<\/div>","protected":false},"excerpt":{"rendered":"<p>Du spielst ein Blasinstrument oder Schlagzeug? Dann komm in unser Jugendensemble! Die Probe findet jeden Freitag von 18:00 bis 19:00 Uhr im Musikerheim Diedorf statt. Die musikalische Leitung hat Roland Dworschak. Grundvoraussetzung f\u00fcr die Teilnahme ist, dass du seit mindestens 1-2 Jahren Musikunterricht an deinem Instrument hast. Du darfst aber gerne auch mehr musikalische Erfahrung [&hellip;]<\/p>\n","protected":false},"author":2,"featured_media":0,"parent":0,"menu_order":0,"comment_status":"closed","ping_status":"closed","template":"","meta":{"footnotes":""},"class_list":["post-239","page","type-page","status-publish","hentry"],"_links":{"self":[{"href":"https:\/\/musikverein-diedorf.de\/index.php?rest_route=\/wp\/v2\/pages\/239","targetHints":{"allow":["GET"]}}],"collection":[{"href":"https:\/\/musikverein-diedorf.de\/index.php?rest_route=\/wp\/v2\/pages"}],"about":[{"href":"https:\/\/musikverein-diedorf.de\/index.php?rest_route=\/wp\/v2\/types\/page"}],"author":[{"embeddable":true,"href":"https:\/\/musikverein-diedorf.de\/index.php?rest_route=\/wp\/v2\/users\/2"}],"replies":[{"embeddable":true,"href":"https:\/\/musikverein-diedorf.de\/index.php?rest_route=%2Fwp%2Fv2%2Fcomments&post=239"}],"version-history":[{"count":20,"href":"https:\/\/musikverein-diedorf.de\/index.php?rest_route=\/wp\/v2\/pages\/239\/revisions"}],"predecessor-version":[{"id":598,"href":"https:\/\/musikverein-diedorf.de\/index.php?rest_route=\/wp\/v2\/pages\/239\/revisions\/598"}],"wp:attachment":[{"href":"https:\/\/musikverein-diedorf.de\/index.php?rest_route=%2Fwp%2Fv2%2Fmedia&parent=239"}],"curies":[{"name":"wp","href":"https:\/\/api.w.org\/{rel}","templated":true}]}}