{"id":586,"date":"2026-01-04T17:52:38","date_gmt":"2026-01-04T17:52:38","guid":{"rendered":"https:\/\/musikverein-diedorf.de\/?page_id=586"},"modified":"2026-01-04T17:52:38","modified_gmt":"2026-01-04T17:52:38","slug":"blaeserklasse","status":"publish","type":"page","link":"https:\/\/musikverein-diedorf.de\/?page_id=586","title":{"rendered":"Bl\u00e4serklasse"},"content":{"rendered":"\n<div class=\"wp-block-media-text is-stacked-on-mobile\"><figure class=\"wp-block-media-text__media\"><img loading=\"lazy\" decoding=\"async\" width=\"435\" height=\"1024\" src=\"https:\/\/musikverein-diedorf.de\/wp-content\/uploads\/2026\/01\/Foto38_2025_Flyer-Blaeserklasse_Seite-1-1-435x1024.jpg\" alt=\"\" class=\"wp-image-588 size-full\" srcset=\"https:\/\/musikverein-diedorf.de\/wp-content\/uploads\/2026\/01\/Foto38_2025_Flyer-Blaeserklasse_Seite-1-1-435x1024.jpg 435w, https:\/\/musikverein-diedorf.de\/wp-content\/uploads\/2026\/01\/Foto38_2025_Flyer-Blaeserklasse_Seite-1-1-127x300.jpg 127w, https:\/\/musikverein-diedorf.de\/wp-content\/uploads\/2026\/01\/Foto38_2025_Flyer-Blaeserklasse_Seite-1-1.jpg 600w\" sizes=\"auto, (max-width: 435px) 100vw, 435px\" \/><\/figure><div class=\"wp-block-media-text__content\">\n<p>Seit dem Schuljahr 2025\/2026 bietet der Musikverein Diedorf in Kooperation mit der Grundschule Diedorf eine Bl\u00e4serklasse an. Die Bl\u00e4serklasse erstreckt sich \u00fcber die 3. und 4. Jahrgangsstufe. Die Teilnahme ist f\u00fcr zwei Schuljahre verpflichtend. <\/p>\n\n\n\n<p>Bei diesem musikp\u00e4dagogischen Konzept erlernen die Kinder im Schulunterricht gemeinsam ein Blasinstrument und musizieren von Anfang an zusammen in einem Ensemble. Zus\u00e4tzlich zum Bl\u00e4serklassenunterricht unter der Leitung von Roland Dworschak erhalten die Kinder Instrumentalunterricht in Kleingruppen durch unsere qualifizierten Ausbilder.<\/p>\n\n\n\n<p>Es sind keine musikalischen Vorkenntnisse n\u00f6tig. Instrumente k\u00f6nnen \u00fcber den Musikverein Diedorf gemietet werden.<\/p>\n\n\n\n<p>Folgende Instrumente k\u00f6nnen erlernt werden: Klarinette, Querfl\u00f6te, Saxofon, Trompete, Waldhorn, Posaune, Tenorhorn, Tuba, Schlagzeug<\/p>\n\n\n\n<p>Auch f\u00fcr das Schuljahr 2026\/2027 ist eine Bl\u00e4serklasse f\u00fcr die Sch\u00fclerinnen und Sch\u00fcler der 3. Jahrgangsstufe geplant.<\/p>\n<\/div><\/div>\n","protected":false},"excerpt":{"rendered":"<p>Seit dem Schuljahr 2025\/2026 bietet der Musikverein Diedorf in Kooperation mit der Grundschule Diedorf eine Bl\u00e4serklasse an. Die Bl\u00e4serklasse erstreckt sich \u00fcber die 3. und 4. Jahrgangsstufe. Die Teilnahme ist f\u00fcr zwei Schuljahre verpflichtend. Bei diesem musikp\u00e4dagogischen Konzept erlernen die Kinder im Schulunterricht gemeinsam ein Blasinstrument und musizieren von Anfang an zusammen in einem Ensemble. [&hellip;]<\/p>\n","protected":false},"author":2,"featured_media":0,"parent":0,"menu_order":0,"comment_status":"closed","ping_status":"closed","template":"","meta":{"footnotes":""},"class_list":["post-586","page","type-page","status-publish","hentry"],"_links":{"self":[{"href":"https:\/\/musikverein-diedorf.de\/index.php?rest_route=\/wp\/v2\/pages\/586","targetHints":{"allow":["GET"]}}],"collection":[{"href":"https:\/\/musikverein-diedorf.de\/index.php?rest_route=\/wp\/v2\/pages"}],"about":[{"href":"https:\/\/musikverein-diedorf.de\/index.php?rest_route=\/wp\/v2\/types\/page"}],"author":[{"embeddable":true,"href":"https:\/\/musikverein-diedorf.de\/index.php?rest_route=\/wp\/v2\/users\/2"}],"replies":[{"embeddable":true,"href":"https:\/\/musikverein-diedorf.de\/index.php?rest_route=%2Fwp%2Fv2%2Fcomments&post=586"}],"version-history":[{"count":1,"href":"https:\/\/musikverein-diedorf.de\/index.php?rest_route=\/wp\/v2\/pages\/586\/revisions"}],"predecessor-version":[{"id":590,"href":"https:\/\/musikverein-diedorf.de\/index.php?rest_route=\/wp\/v2\/pages\/586\/revisions\/590"}],"wp:attachment":[{"href":"https:\/\/musikverein-diedorf.de\/index.php?rest_route=%2Fwp%2Fv2%2Fmedia&parent=586"}],"curies":[{"name":"wp","href":"https:\/\/api.w.org\/{rel}","templated":true}]}}