{"id":72,"date":"2024-01-15T12:25:15","date_gmt":"2024-01-15T12:25:15","guid":{"rendered":"https:\/\/musikverein-diedorf.de\/?page_id=72"},"modified":"2026-01-02T11:07:17","modified_gmt":"2026-01-02T11:07:17","slug":"ueber-uns","status":"publish","type":"page","link":"https:\/\/musikverein-diedorf.de\/?page_id=72","title":{"rendered":"\u00dcber uns"},"content":{"rendered":"\n<p>Der Musikverein Diedorf ist ein recht junger Verein. 2025 feierten wir 50 Jahre Blasmusik in Diedorf. 1975 als eine Abteilung der Gesang- und Theatervereinigung Diedorf ins Leben gerufen, sind wir seit 1991 ein eigenst\u00e4ndiger Verein, der Mitglied im Allg\u00e4u Schw\u00e4bischen Musikbund (Bezirk 15) ist.<\/p>\n\n\n\n<p>Aktuell hat der Musikverein Diedorf rund 200 aktive und passive Mitglieder, die in unserer vereinsinternen Musikschule ein Instrument erlernen, im Orchester musizieren oder uns durch ihr ehrenamtliches Engagement unterst\u00fctzen.<\/p>\n\n\n\n<p>Es ist uns ein wichtiges Anliegen, das Gemeindeleben in Diedorf und Umgebung durch unsere Musik zu bereichern. Der Schwerpunkt unseres Blasorchesters liegt auf der sinfonischen Blasmusik auf Ober- und H\u00f6chststufenniveau. Neben unserem Kirchenkonzert am Palmsonntag, in dem wir unser Publikum mit oft opulenten und eindrucksvollen Werken musikalisch auf die bevorstehende Karwoche und das Osterfest einstimmen, steht mit unserem Herbstkonzert ein weiteres gro\u00dfe Konzert auf unserem Jahresplan.<\/p>\n\n\n\n<p>Trotz unserer umfangreichen Konzertt\u00e4tigkeit legen wir viel Wert darauf, kein Projektorchester, sondern vielmehr ein Orchester f\u00fcr jeden Anlass zu sein. Wir umrahmen gemeindliche und kirchliche Veranstaltungen im Jahreslauf, spielen im Biergarten auf, \u00fcberraschen Brautpaare und Geburtstagskinder mit unserer Musik, sind gelegentlich auch auf der B\u00fchne eines Bierzelts anzutreffen oder bringen die Diedorfer Schmuttertalhalle gemeinsam mit einer Rockband zum Beben.<\/p>\n\n\n\n<p>Sinfonische Blasmusik ist unglaublich facettenreich, und wir haben Spa\u00df daran, dies unserem Publikum zu zeigen.<\/p>\n\n\n\n<figure class=\"wp-block-image size-large\"><img loading=\"lazy\" decoding=\"async\" width=\"1024\" height=\"630\" src=\"https:\/\/musikverein-diedorf.de\/wp-content\/uploads\/2024\/01\/IMG-20220612-WA0003-1-1024x630.jpg\" alt=\"\" class=\"wp-image-88\" srcset=\"https:\/\/musikverein-diedorf.de\/wp-content\/uploads\/2024\/01\/IMG-20220612-WA0003-1-1024x630.jpg 1024w, https:\/\/musikverein-diedorf.de\/wp-content\/uploads\/2024\/01\/IMG-20220612-WA0003-1-300x185.jpg 300w, https:\/\/musikverein-diedorf.de\/wp-content\/uploads\/2024\/01\/IMG-20220612-WA0003-1-768x472.jpg 768w, https:\/\/musikverein-diedorf.de\/wp-content\/uploads\/2024\/01\/IMG-20220612-WA0003-1-1536x945.jpg 1536w, https:\/\/musikverein-diedorf.de\/wp-content\/uploads\/2024\/01\/IMG-20220612-WA0003-1.jpg 1600w\" sizes=\"auto, (max-width: 1024px) 100vw, 1024px\" \/><figcaption class=\"wp-element-caption\">Besuch in Latzfons, S\u00fcdtirol im Juli 2022<\/figcaption><\/figure>\n","protected":false},"excerpt":{"rendered":"<p>Der Musikverein Diedorf ist ein recht junger Verein. 2025 feierten wir 50 Jahre Blasmusik in Diedorf. 1975 als eine Abteilung der Gesang- und Theatervereinigung Diedorf ins Leben gerufen, sind wir seit 1991 ein eigenst\u00e4ndiger Verein, der Mitglied im Allg\u00e4u Schw\u00e4bischen Musikbund (Bezirk 15) ist. Aktuell hat der Musikverein Diedorf rund 200 aktive und passive Mitglieder, [&hellip;]<\/p>\n","protected":false},"author":1,"featured_media":0,"parent":0,"menu_order":0,"comment_status":"closed","ping_status":"closed","template":"","meta":{"footnotes":""},"class_list":["post-72","page","type-page","status-publish","hentry"],"_links":{"self":[{"href":"https:\/\/musikverein-diedorf.de\/index.php?rest_route=\/wp\/v2\/pages\/72","targetHints":{"allow":["GET"]}}],"collection":[{"href":"https:\/\/musikverein-diedorf.de\/index.php?rest_route=\/wp\/v2\/pages"}],"about":[{"href":"https:\/\/musikverein-diedorf.de\/index.php?rest_route=\/wp\/v2\/types\/page"}],"author":[{"embeddable":true,"href":"https:\/\/musikverein-diedorf.de\/index.php?rest_route=\/wp\/v2\/users\/1"}],"replies":[{"embeddable":true,"href":"https:\/\/musikverein-diedorf.de\/index.php?rest_route=%2Fwp%2Fv2%2Fcomments&post=72"}],"version-history":[{"count":9,"href":"https:\/\/musikverein-diedorf.de\/index.php?rest_route=\/wp\/v2\/pages\/72\/revisions"}],"predecessor-version":[{"id":585,"href":"https:\/\/musikverein-diedorf.de\/index.php?rest_route=\/wp\/v2\/pages\/72\/revisions\/585"}],"wp:attachment":[{"href":"https:\/\/musikverein-diedorf.de\/index.php?rest_route=%2Fwp%2Fv2%2Fmedia&parent=72"}],"curies":[{"name":"wp","href":"https:\/\/api.w.org\/{rel}","templated":true}]}}